{"id":10,"date":"2018-01-03T20:11:27","date_gmt":"2018-01-03T22:11:27","guid":{"rendered":"https:\/\/karmakagyu.site\/?page_id=10"},"modified":"2018-01-04T17:46:04","modified_gmt":"2018-01-04T19:46:04","slug":"ensinamentos","status":"publish","type":"page","link":"https:\/\/dharma.casa\/?page_id=10","title":{"rendered":"Ensinamentos"},"content":{"rendered":"<h4><span id=\"Video\" class=\"mw-headline\">Video<\/span><\/h4>\n<ul>\n<li><a class=\"external text\" href=\"https:\/\/youtu.be\/SuwuAsaOYlM\" rel=\"nofollow\">Curto video sobre medita\u00e7\u00e3o<\/a><\/li>\n<li><a class=\"external text\" href=\"https:\/\/youtu.be\/yPwkvoO6rWU\" rel=\"nofollow\">Video com explica\u00e7\u00e3o detalhada sobre a medita\u00e7\u00e3o<\/a><\/li>\n<\/ul>\n","protected":false},"excerpt":{"rendered":"<p>Video Curto video sobre medita\u00e7\u00e3o Video com explica\u00e7\u00e3o detalhada sobre a medita\u00e7\u00e3o<\/p>\n","protected":false},"author":2,"featured_media":0,"parent":0,"menu_order":0,"comment_status":"closed","ping_status":"closed","template":"","meta":{"footnotes":""},"_links":{"self":[{"href":"https:\/\/dharma.casa\/index.php?rest_route=\/wp\/v2\/pages\/10"}],"collection":[{"href":"https:\/\/dharma.casa\/index.php?rest_route=\/wp\/v2\/pages"}],"about":[{"href":"https:\/\/dharma.casa\/index.php?rest_route=\/wp\/v2\/types\/page"}],"author":[{"embeddable":true,"href":"https:\/\/dharma.casa\/index.php?rest_route=\/wp\/v2\/users\/2"}],"replies":[{"embeddable":true,"href":"https:\/\/dharma.casa\/index.php?rest_route=%2Fwp%2Fv2%2Fcomments&post=10"}],"version-history":[{"count":2,"href":"https:\/\/dharma.casa\/index.php?rest_route=\/wp\/v2\/pages\/10\/revisions"}],"predecessor-version":[{"id":101,"href":"https:\/\/dharma.casa\/index.php?rest_route=\/wp\/v2\/pages\/10\/revisions\/101"}],"wp:attachment":[{"href":"https:\/\/dharma.casa\/index.php?rest_route=%2Fwp%2Fv2%2Fmedia&parent=10"}],"curies":[{"name":"wp","href":"https:\/\/api.w.org\/{rel}","templated":true}]}}