{"id":11,"date":"2018-01-03T20:11:27","date_gmt":"2018-01-03T22:11:27","guid":{"rendered":"https:\/\/karmakagyu.site\/?page_id=11"},"modified":"2018-02-12T20:35:13","modified_gmt":"2018-02-12T22:35:13","slug":"contribua","status":"publish","type":"page","link":"https:\/\/dharma.casa\/?page_id=11","title":{"rendered":"Contribua"},"content":{"rendered":"<p>Voc\u00ea pode contribuir com doa\u00e7\u00f5es em dinheiro ou trabalho volunt\u00e1rio. H\u00e1 v\u00e1rias formas de ajudar nossa sangha! Fale com a gente para saber mais em como voc\u00ea pode ajudar.<\/p>\n<h3><span id=\"Doa.C3.A7.C3.B5es\" class=\"mw-headline\">Doa\u00e7\u00f5es<\/span><\/h3>\n<p>Todos os ensinamentos do Lama Gelek s\u00e3o gratuitos. Portanto, a \u00fanica forma que ele tem para se manter \u00e9 atrav\u00e9s de doa\u00e7\u00f5es. Entre em contato por <a href=\"mailto:contato@dharmacasa.org\">e-mail<\/a> para saber como doar.<\/p>\n<h3><span id=\"Voluntariado\" class=\"mw-headline\">Voluntariado<\/span><\/h3>\n<p>Imagine se todos os benef\u00edcios que a pr\u00e1tica do Dharma trouxe para voc\u00ea pudessem ser expandidos ao seu redor! O trabalho volunt\u00e1rio \u00e9 essencial para espalhar e fortalecer o Dharma no Brasil. H\u00e1 v\u00e1rias formas de ajudar: bastar ter algum tempo e vontade de ajudar. Caso tenha interesse em contribuir (mas talvez nem saiba como!), mande-nos um <a href=\"mailto:contato@dharmacasa.org\">e-mail<\/a><\/p>\n","protected":false},"excerpt":{"rendered":"<p>Voc\u00ea pode contribuir com doa\u00e7\u00f5es em dinheiro ou trabalho volunt\u00e1rio. H\u00e1 v\u00e1rias formas de ajudar nossa sangha! Fale com a gente para saber mais em &hellip;<\/p>\n","protected":false},"author":2,"featured_media":0,"parent":0,"menu_order":0,"comment_status":"closed","ping_status":"closed","template":"","meta":{"footnotes":""},"_links":{"self":[{"href":"https:\/\/dharma.casa\/index.php?rest_route=\/wp\/v2\/pages\/11"}],"collection":[{"href":"https:\/\/dharma.casa\/index.php?rest_route=\/wp\/v2\/pages"}],"about":[{"href":"https:\/\/dharma.casa\/index.php?rest_route=\/wp\/v2\/types\/page"}],"author":[{"embeddable":true,"href":"https:\/\/dharma.casa\/index.php?rest_route=\/wp\/v2\/users\/2"}],"replies":[{"embeddable":true,"href":"https:\/\/dharma.casa\/index.php?rest_route=%2Fwp%2Fv2%2Fcomments&post=11"}],"version-history":[{"count":7,"href":"https:\/\/dharma.casa\/index.php?rest_route=\/wp\/v2\/pages\/11\/revisions"}],"predecessor-version":[{"id":285,"href":"https:\/\/dharma.casa\/index.php?rest_route=\/wp\/v2\/pages\/11\/revisions\/285"}],"wp:attachment":[{"href":"https:\/\/dharma.casa\/index.php?rest_route=%2Fwp%2Fv2%2Fmedia&parent=11"}],"curies":[{"name":"wp","href":"https:\/\/api.w.org\/{rel}","templated":true}]}}