{"id":166,"date":"2018-01-06T17:44:09","date_gmt":"2018-01-06T19:44:09","guid":{"rendered":"https:\/\/karmakagyu.site\/?page_id=166"},"modified":"2018-08-20T19:18:53","modified_gmt":"2018-08-20T22:18:53","slug":"sanghas-no-brasil","status":"publish","type":"page","link":"https:\/\/dharma.casa\/?page_id=166","title":{"rendered":"Sanghas"},"content":{"rendered":"<p>Descubra se h\u00e1 uma sangha na sua cidade ou participe dos <a href=\"https:\/\/dharma.casa\/?tag=online\">encontros online<\/a>. Venha praticar com a gente!<\/p>\n<p>Para mais informa\u00e7\u00f5es entre em contato conosco pelo email <strong>contato@dharmacasa.org<\/strong><\/p>\n<h5>Bahia<\/h5>\n<p>Salvador<\/p>\n<p><a href=\"https:\/\/dharma.casa\/?tag=arraial\">\u00a0Arraial d&#8217;Ajuda\u00a0<\/a>\u00a0&#8211; cronograma dos grupos de estudo para 2018<\/p>\n<p><a href=\"https:\/\/dharma.casa\/?attachment_id=477\" rel=\"attachment wp-att-477\"><img loading=\"lazy\" decoding=\"async\" class=\"alignnone size-medium wp-image-477\" src=\"https:\/\/dharma.casa\/wp-content\/uploads\/2018\/08\/grupo-de-estudos-arraial-ago-2018-212x300.jpg\" alt=\"\" width=\"212\" height=\"300\" srcset=\"https:\/\/dharma.casa\/wp-content\/uploads\/2018\/08\/grupo-de-estudos-arraial-ago-2018-212x300.jpg 212w, https:\/\/dharma.casa\/wp-content\/uploads\/2018\/08\/grupo-de-estudos-arraial-ago-2018-768x1086.jpg 768w, https:\/\/dharma.casa\/wp-content\/uploads\/2018\/08\/grupo-de-estudos-arraial-ago-2018-724x1024.jpg 724w, https:\/\/dharma.casa\/wp-content\/uploads\/2018\/08\/grupo-de-estudos-arraial-ago-2018-247x350.jpg 247w, https:\/\/dharma.casa\/wp-content\/uploads\/2018\/08\/grupo-de-estudos-arraial-ago-2018.jpg 794w\" sizes=\"(max-width: 212px) 100vw, 212px\" \/><\/a><\/p>\n<h5>Distrito Federal<\/h5>\n<p><a href=\"\/?tag=brasilia\">Bras\u00edlia<\/a><\/p>\n<h5>Minas Gerais<\/h5>\n<p>Belo Horizonte<\/p>\n<h5>Rio de Janeiro<\/h5>\n<p>Rio de Janeiro<\/p>\n<h5>S\u00e3o Paulo<\/h5>\n<p>S\u00e3o Paulo (capital)<\/p>\n<p>Ubatuba<\/p>\n<p>Santos: encontros quinzenais. Para mais informa\u00e7\u00f5es, entre em contato conosco por email.<\/p>\n<p>Ribeir\u00e3o Preto<\/p>\n<h5><\/h5>\n<p>&nbsp;<\/p>\n","protected":false},"excerpt":{"rendered":"<p>Descubra se h\u00e1 uma sangha na sua cidade ou participe dos encontros online. Venha praticar com a gente! Para mais informa\u00e7\u00f5es entre em contato conosco &hellip;<\/p>\n","protected":false},"author":2,"featured_media":0,"parent":144,"menu_order":0,"comment_status":"closed","ping_status":"closed","template":"","meta":{"footnotes":""},"_links":{"self":[{"href":"https:\/\/dharma.casa\/index.php?rest_route=\/wp\/v2\/pages\/166"}],"collection":[{"href":"https:\/\/dharma.casa\/index.php?rest_route=\/wp\/v2\/pages"}],"about":[{"href":"https:\/\/dharma.casa\/index.php?rest_route=\/wp\/v2\/types\/page"}],"author":[{"embeddable":true,"href":"https:\/\/dharma.casa\/index.php?rest_route=\/wp\/v2\/users\/2"}],"replies":[{"embeddable":true,"href":"https:\/\/dharma.casa\/index.php?rest_route=%2Fwp%2Fv2%2Fcomments&post=166"}],"version-history":[{"count":12,"href":"https:\/\/dharma.casa\/index.php?rest_route=\/wp\/v2\/pages\/166\/revisions"}],"predecessor-version":[{"id":479,"href":"https:\/\/dharma.casa\/index.php?rest_route=\/wp\/v2\/pages\/166\/revisions\/479"}],"up":[{"embeddable":true,"href":"https:\/\/dharma.casa\/index.php?rest_route=\/wp\/v2\/pages\/144"}],"wp:attachment":[{"href":"https:\/\/dharma.casa\/index.php?rest_route=%2Fwp%2Fv2%2Fmedia&parent=166"}],"curies":[{"name":"wp","href":"https:\/\/api.w.org\/{rel}","templated":true}]}}